{"id":1050,"date":"2021-12-16T14:09:15","date_gmt":"2021-12-16T19:09:15","guid":{"rendered":"https:\/\/www.personetics.com\/br\/?page_id=1050"},"modified":"2022-08-02T03:22:30","modified_gmt":"2022-08-02T07:22:30","slug":"engage","status":"publish","type":"page","link":"https:\/\/www.cognitivebanking.io\/fr\/engage\/","title":{"rendered":"Engage"},"content":{"rendered":"","protected":false},"excerpt":{"rendered":"","protected":false},"author":3,"featured_media":0,"parent":0,"menu_order":0,"comment_status":"closed","ping_status":"closed","template":"engage-tmpl.php","meta":{"_acf_changed":false,"inline_featured_image":false,"footnotes":""},"class_list":["post-1050","page","type-page","status-publish","hentry"],"acf":[],"yoast_head":"<!-- This site is optimized with the Yoast SEO plugin v27.1.1 - https:\/\/yoast.com\/product\/yoast-seo-wordpress\/ -->\n<title>Engage : Des conseils financiers guid\u00e9s par l&#039;IA pour les clients des banques | Personetics.com<\/title>\n<meta name=\"description\" content=\"Permet aux clients de rester inform\u00e9s et de suivre leurs affaires financi\u00e8res avec Personetics Engage ; utilise l&#039;analyse pr\u00e9dictive et les conseils personnalis\u00e9s pour responsabiliser les clients et les inciter \u00e0 s&#039;engager de mani\u00e8re proactive dans le parcours financier qui peut les aider \u00e0 atteindre leurs objectifs financiers.\" \/>\n<meta name=\"robots\" content=\"index, follow, max-snippet:-1, max-image-preview:large, max-video-preview:-1\" \/>\n<link rel=\"canonical\" href=\"https:\/\/PERSONETICS.COM\/fr\/engage\/\" \/>\n<meta property=\"og:locale\" content=\"fr_FR\" \/>\n<meta property=\"og:type\" content=\"article\" \/>\n<meta property=\"og:title\" content=\"Engage : Des conseils financiers guid\u00e9s par l&#039;IA pour les clients des banques | Personetics.com\" \/>\n<meta property=\"og:description\" content=\"Permet aux clients de rester inform\u00e9s et de suivre leurs affaires financi\u00e8res avec Personetics Engage ; utilise l&#039;analyse pr\u00e9dictive et les conseils personnalis\u00e9s pour responsabiliser les clients et les inciter \u00e0 s&#039;engager de mani\u00e8re proactive dans le parcours financier qui peut les aider \u00e0 atteindre leurs objectifs financiers.\" \/>\n<meta property=\"og:url\" content=\"https:\/\/PERSONETICS.COM\/fr\/engage\/\" \/>\n<meta property=\"og:site_name\" content=\"Personetics\" \/>\n<meta property=\"article:modified_time\" content=\"2022-08-02T07:22:30+00:00\" \/>\n<meta name=\"twitter:card\" content=\"summary_large_image\" \/>\n<script type=\"application\/ld+json\" class=\"yoast-schema-graph\">{\"@context\":\"https:\/\/schema.org\",\"@graph\":[{\"@type\":\"WebPage\",\"@id\":\"https:\/\/PERSONETICS.COM\/fr\/engage\/\",\"url\":\"https:\/\/PERSONETICS.COM\/fr\/engage\/\",\"name\":\"Engage : Des conseils financiers guid\u00e9s par l'IA pour les clients des banques | Personetics.com\",\"isPartOf\":{\"@id\":\"https:\/\/www-us.personetics.com\/fr\/#website\"},\"datePublished\":\"2021-12-16T19:09:15+00:00\",\"dateModified\":\"2022-08-02T07:22:30+00:00\",\"description\":\"Permet aux clients de rester inform\u00e9s et de suivre leurs affaires financi\u00e8res avec Personetics Engage ; utilise l'analyse pr\u00e9dictive et les conseils personnalis\u00e9s pour responsabiliser les clients et les inciter \u00e0 s'engager de mani\u00e8re proactive dans le parcours financier qui peut les aider \u00e0 atteindre leurs objectifs financiers.\",\"breadcrumb\":{\"@id\":\"https:\/\/PERSONETICS.COM\/fr\/engage\/#breadcrumb\"},\"inLanguage\":\"fr-FR\",\"potentialAction\":[{\"@type\":\"ReadAction\",\"target\":[\"https:\/\/PERSONETICS.COM\/fr\/engage\/\"]}]},{\"@type\":\"BreadcrumbList\",\"@id\":\"https:\/\/PERSONETICS.COM\/fr\/engage\/#breadcrumb\",\"itemListElement\":[{\"@type\":\"ListItem\",\"position\":1,\"name\":\"Home\",\"item\":\"https:\/\/www-us.personetics.com\/fr\/\"},{\"@type\":\"ListItem\",\"position\":2,\"name\":\"Engage\"}]},{\"@type\":\"WebSite\",\"@id\":\"https:\/\/www-us.personetics.com\/fr\/#website\",\"url\":\"https:\/\/www-us.personetics.com\/fr\/\",\"name\":\"Personetics\",\"description\":\"Just another WordPress site\",\"potentialAction\":[{\"@type\":\"SearchAction\",\"target\":{\"@type\":\"EntryPoint\",\"urlTemplate\":\"https:\/\/www-us.personetics.com\/fr\/?s={search_term_string}\"},\"query-input\":{\"@type\":\"PropertyValueSpecification\",\"valueRequired\":true,\"valueName\":\"search_term_string\"}}],\"inLanguage\":\"fr-FR\"}]}<\/script>\n<!-- \/ Yoast SEO plugin. -->","yoast_head_json":{"title":"Engage : Des conseils financiers guid\u00e9s par l'IA pour les clients des banques | Personetics.com","description":"Permet aux clients de rester inform\u00e9s et de suivre leurs affaires financi\u00e8res avec Personetics Engage ; utilise l'analyse pr\u00e9dictive et les conseils personnalis\u00e9s pour responsabiliser les clients et les inciter \u00e0 s'engager de mani\u00e8re proactive dans le parcours financier qui peut les aider \u00e0 atteindre leurs objectifs financiers.","robots":{"index":"index","follow":"follow","max-snippet":"max-snippet:-1","max-image-preview":"max-image-preview:large","max-video-preview":"max-video-preview:-1"},"canonical":"https:\/\/PERSONETICS.COM\/fr\/engage\/","og_locale":"fr_FR","og_type":"article","og_title":"Engage : Des conseils financiers guid\u00e9s par l'IA pour les clients des banques | Personetics.com","og_description":"Permet aux clients de rester inform\u00e9s et de suivre leurs affaires financi\u00e8res avec Personetics Engage ; utilise l'analyse pr\u00e9dictive et les conseils personnalis\u00e9s pour responsabiliser les clients et les inciter \u00e0 s'engager de mani\u00e8re proactive dans le parcours financier qui peut les aider \u00e0 atteindre leurs objectifs financiers.","og_url":"https:\/\/PERSONETICS.COM\/fr\/engage\/","og_site_name":"Personetics","article_modified_time":"2022-08-02T07:22:30+00:00","twitter_card":"summary_large_image","schema":{"@context":"https:\/\/schema.org","@graph":[{"@type":"WebPage","@id":"https:\/\/PERSONETICS.COM\/fr\/engage\/","url":"https:\/\/PERSONETICS.COM\/fr\/engage\/","name":"Engage : Des conseils financiers guid\u00e9s par l'IA pour les clients des banques | Personetics.com","isPartOf":{"@id":"https:\/\/www-us.personetics.com\/fr\/#website"},"datePublished":"2021-12-16T19:09:15+00:00","dateModified":"2022-08-02T07:22:30+00:00","description":"Permet aux clients de rester inform\u00e9s et de suivre leurs affaires financi\u00e8res avec Personetics Engage ; utilise l'analyse pr\u00e9dictive et les conseils personnalis\u00e9s pour responsabiliser les clients et les inciter \u00e0 s'engager de mani\u00e8re proactive dans le parcours financier qui peut les aider \u00e0 atteindre leurs objectifs financiers.","breadcrumb":{"@id":"https:\/\/PERSONETICS.COM\/fr\/engage\/#breadcrumb"},"inLanguage":"fr-FR","potentialAction":[{"@type":"ReadAction","target":["https:\/\/PERSONETICS.COM\/fr\/engage\/"]}]},{"@type":"BreadcrumbList","@id":"https:\/\/PERSONETICS.COM\/fr\/engage\/#breadcrumb","itemListElement":[{"@type":"ListItem","position":1,"name":"Home","item":"https:\/\/www-us.personetics.com\/fr\/"},{"@type":"ListItem","position":2,"name":"Engage"}]},{"@type":"WebSite","@id":"https:\/\/www-us.personetics.com\/fr\/#website","url":"https:\/\/www-us.personetics.com\/fr\/","name":"Personetics","description":"Just another WordPress site","potentialAction":[{"@type":"SearchAction","target":{"@type":"EntryPoint","urlTemplate":"https:\/\/www-us.personetics.com\/fr\/?s={search_term_string}"},"query-input":{"@type":"PropertyValueSpecification","valueRequired":true,"valueName":"search_term_string"}}],"inLanguage":"fr-FR"}]}},"_links":{"self":[{"href":"https:\/\/www.cognitivebanking.io\/fr\/wp-json\/wp\/v2\/pages\/1050","targetHints":{"allow":["GET"]}}],"collection":[{"href":"https:\/\/www.cognitivebanking.io\/fr\/wp-json\/wp\/v2\/pages"}],"about":[{"href":"https:\/\/www.cognitivebanking.io\/fr\/wp-json\/wp\/v2\/types\/page"}],"author":[{"embeddable":true,"href":"https:\/\/www.cognitivebanking.io\/fr\/wp-json\/wp\/v2\/users\/3"}],"replies":[{"embeddable":true,"href":"https:\/\/www.cognitivebanking.io\/fr\/wp-json\/wp\/v2\/comments?post=1050"}],"version-history":[{"count":5,"href":"https:\/\/www.cognitivebanking.io\/fr\/wp-json\/wp\/v2\/pages\/1050\/revisions"}],"predecessor-version":[{"id":1333,"href":"https:\/\/www.cognitivebanking.io\/fr\/wp-json\/wp\/v2\/pages\/1050\/revisions\/1333"}],"wp:attachment":[{"href":"https:\/\/www.cognitivebanking.io\/fr\/wp-json\/wp\/v2\/media?parent=1050"}],"curies":[{"name":"wp","href":"https:\/\/api.w.org\/{rel}","templated":true}]}}